{"id":37524,"date":"2022-01-07T16:34:02","date_gmt":"2022-01-07T16:34:02","guid":{"rendered":"http:\/\/riviera-holiday.it\/?page_id=37524"},"modified":"2022-01-07T16:35:34","modified_gmt":"2022-01-07T16:35:34","slug":"privacy-policy","status":"publish","type":"page","link":"https:\/\/riviera-holiday.it\/en\/privacy-policy\/","title":{"rendered":"Privacy Policy"},"content":{"rendered":"\r\n<p><strong><span style=\"font-size: 24pt;\">Informativa sulla privacy<\/span><\/strong><\/p>\r\n<p>Con la presente informativa <strong>Le Officine Creative S.n.c.<\/strong> intende garantire la privacy e la sicurezza dei dati personali di ciascun utente interessato, secondo quanto previsto dal d.lgs. 196\/2003 (di seguito \u201c<strong>Codice Privacy<\/strong>\u201c) e con il Regolamento UE n. 2016\/679 (di seguito \u201c<strong>GDPR<\/strong>\u201c).<\/p>\r\n\r\n\r\n\r\n<h2 class=\"wp-block-heading\">Chi siamo<\/h2>\r\n\r\n\r\n\r\n<p>I dati personali dell&#8217;utente vengono elaborati da <strong>Le Officine Creative S.n.c.<\/strong> in qualit\u00e0 di proprietario del sito web. Informazioni pi\u00f9 dettagliate sul proprietario possono essere richieste inviando una e-mail al seguente indirizzo: <strong><a href=\"mailto:matteo@riviera-holiday.it\" target=\"_blank\" rel=\"noreferrer noopener\" aria-label=\" (opens in a new tab)\">matteo@riviera-holiday.it<\/a><\/strong>.<\/p>\r\n\r\n\r\n\r\n<h2 class=\"wp-block-heading\">Quali dati personali raccogliamo e perch\u00e9<\/h2>\r\n\r\n\r\n\r\n<p><strong>Le Officine Creative S.n.c.<\/strong> acquisisce ed elabora i dati personali della parte interessata nelle seguenti modalit\u00e0:<\/p>\r\n\r\n\r\n\r\n<h3 class=\"wp-block-heading\">Dati di navigazione<\/h3>\r\n\r\n\r\n\r\n<p>Durante la navigazione online, attraverso i sistemi informatici e le procedure software utilizzate per il funzionamento del sito web, <strong>Le Officine Creative S.n.c.<\/strong> acquisisce alcuni dati la cui trasmissione \u00e8 implicita nell&#8217;uso dei protocolli di comunicazione Internet, quali: indirizzi IP, nomi di dominio dei computer utilizzati dall&#8217;utente, la notazione indirizzi URI (Uniform Resource Identifier), l&#8217;ora della richiesta, il metodo utilizzato per inviare la richiesta al server, la dimensione del file ottenuto in risposta, il codice numerico che indica lo stato della risposta dal server (successo, errore, ecc.), il paese di origine, le caratteristiche del browser e del sistema operativo utilizzato dal visitatore, le varie connotazioni temporali della visita (ad esempio il tempo trascorso su ogni pagina) e i relativi dettagli per l&#8217;itinerario seguito all&#8217;interno del sito, con particolare riferimento alla sequenza delle pagine consultate, ai parametri relativi al sistema operativo e all&#8217;ambiente IT dell&#8217;utente.<\/p>\r\n\r\n\r\n\r\n<h3 class=\"wp-block-heading\">Recensioni<\/h3>\r\n\r\n\r\n\r\n<p>Quando i visitatori lasciano recensioni sul sito, <strong>Le Officine Creative S.n.c.<\/strong> raccogliere i dati mostrati nel modulo delle recensioni e anche l&#8217;indirizzo IP del visitatore e la stringa dell&#8217;agente del browser per aiutare il rilevamento dello spam.<\/p>\r\n\r\n\r\n\r\n<p>Una stringa anonima creata dal tuo indirizzo e-mail (chiamato anche hash) pu\u00f2 essere fornita al servizio Gravatar per vedere se la stai usando. L&#8217;informativa sulla privacy del servizio Gravatar \u00e8 disponibile <a href=\"https:\/\/automattic.com\/privacy\/\">qui<\/a>. Dopo l&#8217;approvazione del tuo commento, la tua immagine del profilo \u00e8 visibile al pubblico nel contesto del tuo commento.<\/p>\r\n<h1 class=\"entry-title\"><span style=\"font-size: 14pt;\">Form di contatto<\/span><\/h1>\r\n<p>Questo tipo di servizio consente a <strong>Le Officine Creative S.n.c.<\/strong> di gestire un database di contatti e-mail, contatti telefonici o contatti di qualsiasi altro tipo, utilizzati per comunicare con l&#8217;utente. Questi servizi potrebbero inoltre consentire a <strong>Le Officine Creative S.n.c.<\/strong> di raccogliere dati relativi alla data e all&#8217;ora di visualizzazione dei messaggi dell&#8217;utente<\/p>\r\n\r\n<h1 class=\"entry-title\"><span style=\"font-size: 14pt;\">Cookie<\/span><\/h1>\r\n<p>Se scrivi una recensione su questo sito web, puoi scegliere di salvare il tuo nome, indirizzo email e sito web nei cookie. Questi sono per la tua comodit\u00e0 in modo che tu non debba riempire nuovamente i tuoi dettagli quando lasci un altra recensione. Questi cookie dureranno per un anno. Se si dispone di un account e si accede a questo sito, verr\u00e0 impostato un cookie temporaneo per determinare se il browser accetta i cookie. Questo cookie non contiene dati personali e viene eliminato quando si chiude il browser. Quando esegui l&#8217;accesso, verranno anche impostati diversi cookie per salvare le informazioni di accesso e le opzioni di visualizzazione dello schermo. I cookie di accesso durano due giorni e i cookie delle opzioni sullo schermo durano un anno. Se selezioni &#8220;Ricordami&#8221;, il tuo login persister\u00e0 per due settimane. Se esci dal tuo account, i cookie di accesso verranno rimossi. Se modifichi o pubblichi una recensione un cookie aggiuntivo verr\u00e0 salvato nel tuo browser. Questo cookie non include dati personali e indica semplicemente l&#8217;ID del post della recensione appena modificata. Scade dopo 1 giorno.<\/p>\r\n<h3><span style=\"font-size: 18pt;\">Con chi condividiamo i tuoi dati<\/span><\/h3>\r\n<p><strong><span style=\"font-size: 14pt;\">Google LLC<\/span><\/strong> Utilizziamo Google Analitycs per raccogliere e analizzare informazioni statistiche sugli accessi \/ le visite al sito web. In alcuni casi, associati ad altre informazioni come le credenziali inserite per accedere alle aree riservate (l&#8217;indirizzo e-mail e la password della persona interessata), possono essere utilizzate per profilare l&#8217;utente (abitudini personali, siti visitati, contenuti scaricati, tipi delle interazioni effettuate, ecc.). <a href=\"https:\/\/www.google.com\/analytics\/terms\/us.html\">Google Analytics privacy policy<\/a> <span style=\"font-size: 14pt;\"><strong>Stripe, Inc.<\/strong><\/span> Il servizio di gestione dei pagamenti Stripe consente di elaborare i pagamenti con carta di credito. I dati utilizzati per il pagamento sono acquisiti direttamente dal gestore del servizio di pagamento richiesto senza essere in alcun modo trattati da <strong>Le Officine Creative S.n.c.<\/strong>; Questo servizio potrebbe anche consentire l&#8217;invio programmato di messaggi all&#8217;utente, ad esempio e-mail contenenti fatture o notifiche relative al pagamento. <a href=\"https:\/\/stripe.com\/it\/privacy#translation\">Stripe privacy policy<\/a><\/p>\r\n<h3><span style=\"font-size: 18pt;\">Per quanto tempo conserviamo i tuoi dati<\/span><\/h3>\r\n<p>Se scrivi una recensione, la recensione e i relativi metadati vengono conservati a tempo indeterminato. In questo modo possiamo riconoscere e approvare automaticamente eventuali commenti di follow-up anzich\u00e9 tenerli in una coda di moderazione. Per gli utenti che si registrano sul nostro sito Web, memorizziamo anche le informazioni personali che forniscono nel loro profilo utente. Tutti gli utenti possono vedere, modificare o cancellare le loro informazioni personali in qualsiasi momento (tranne che non possono cambiare il loro nome utente). L&#8217;amministratore del sito pu\u00f2 anche vedere e modificare tali informazioni.<\/p>\r\n<h3><span style=\"font-size: 18pt;\">Quali diritti hai sui tuoi dati<\/span><\/h3>\r\n<p>Se hai un account su questo sito, o hai scritto recensioni, puoi richiedere di ricevere un file esportato dei dati personali che deteniamo su di te, compresi i dati che ci hai fornito. Puoi anche richiedere il cancellamento tutti i dati personali che conserviamo su di te. Questo non include alcun dato che siamo obbligati a conservare per scopi amministrativi, legali o di sicurezza.<\/p>\r\n<h3><span style=\"font-size: 18pt;\"><strong>Ambito di diffusione dei dati<\/strong><\/span><\/h3>\r\n<p>Previo consenso gratuito e facoltativo, i dati dell&#8217;utente potrebbero essere comunicati a societ\u00e0 terze con le quali <strong>Le Officine Creative S.n.c.<\/strong> ha concluso o pu\u00f2 concludere accordi di partnership quali, ad esempio: social networking e piattaforme interattive, beni di consumo, distribuzione, editoria, finanziaria, assicurazioni umanitarie e organizzazioni caritative, societ\u00e0 di telecomunicazioni o con ulteriori e diversi scopi commerciali e\/o industriali. I tuoi dati personali possono essere comunicati a terzi come &#8220;Processori di dati esterni&#8221;, quali, ad esempio, fornitori di servizi (servizi amministrativi, servizi IT, fornitori di servizi tecnici di terzi, corrieri postali, fornitori di hosting, aziende IT, agenzie di comunicazione, ecc.), consulenti del Titolare del trattamento (commercialisti, revisori dei conti, avvocati, ecc.), banche e istituzioni finanziarie, autorit\u00e0 ed enti pubblici. Inoltre, dipendenti e \/ o collaboratori di <strong>Le Officine Creative S.n.c.<\/strong> chi \u00e8 responsabile della gestione dei rapporti contrattuali pu\u00f2 diventare consapevole dei tuoi dati. Queste parti sono formalmente nominate da <strong>Le Officine Creative S.n.c.<\/strong> a trattare i dati personali esclusivamente per le finalit\u00e0 indicate nella presente informativa e nel rispetto delle disposizioni normative. L&#8217;utente ha il diritto di ottenere un elenco di tutti i responsabili del trattamento dati nominati da <strong>Le Officine Creative S.n.c.<\/strong>, facendo una richiesta nel modo indicato nel paragrafo &#8220;Quali diritti hai sui tuoi dati&#8221;.<\/p>\r\n<h3><span style=\"font-size: 18pt;\"><strong>Trasferimento dei dati extra UE<\/strong><\/span><\/h3>\r\n<p><strong>Le Officine Creative S.n.c.<\/strong> potrebbe trasferire i dati personali dell\u2019interessato a terze parti stabilite in Stati non appartenenti all\u2019Unione Europea Ove tale circostanza dovesse verificarsi, <strong>Le Officine Creative S.n.c.<\/strong> assicura l\u2019adozione di adeguate garanzie con le societ\u00e0 estere riceventi i dati secondo le previsioni normative del Capo V del GDPR.<\/p>\r\n<h3><span style=\"font-size: 18pt;\"><strong>Redirect verso siti web esterni<\/strong><\/span><\/h3>\r\n<p>Il sito web pu\u00f2 utilizzare i c.d. social plug-in. I social plug-in sono strumenti che permettono di incorporare le funzionalit\u00e0 del social network direttamente all\u2019interno del sito web (ad es. la funzione \u201cmi piace\u201d di Facebook). Tutti i social plug-in presenti nel sito sono contrassegnati dal rispettivo logo di propriet\u00e0 della piattaforma di social network (ad es. Facebook, Google, Twitter, Linkedin). Quando l\u2019utente visita una pagina del sito e interagisce con il plug-in (ad es. cliccando il pulsante \u201cMi piace\u201d) o decide di lasciare un commento, le corrispondenti informazioni vengono trasmesse dal browser direttamente alla piattaforma di social network e da questo memorizzate. Per informazioni sulle finalit\u00e0, il tipo e le modalit\u00e0 di raccolta, elaborazione, utilizzo e conservazione dei dati personali da parte della piattaforma di social network, nonch\u00e9 per le modalit\u00e0 attraverso cui esercitare i propri diritti, si invita a consultare la privacy policy adottata dal singolo social network interessato. <strong>Le Officine Creative S.n.c.<\/strong> declina qualsiasi responsabilit\u00e0 in merito all\u2019eventuale richiesta e\/o rilascio di dati personali a siti terzi e\/o in ordine alla gestione delle credenziali di autenticazione fornite da soggetti terzi.<\/p>\r\n<h3><span style=\"font-size: 18pt;\">Come proteggiamo i tuoi dati<\/span><\/h3>\r\n<p>I dati personali dell&#8217;utente saranno conservati per un periodo pari alla durata del rapporto contrattuale esistente con <strong>Le Officine Creative S.n.c.<\/strong>; inoltre, lo stoccaggio sar\u00e0 organizzato per il periodo di tempo strettamente necessario per consentire a <strong>Le Officine Creative S.n.c.<\/strong> per adempiere agli obblighi legali, amministrativi, fiscali e fiscali, nonch\u00e9 per il tempo strettamente necessario a consentire a <strong>Le Officine Creative S.n.c.<\/strong> di esercitare il diritto di difesa in giudizio.<\/p>\r\n<h3><span style=\"font-size: 18pt;\">Abilitare e disabilitare i cookie tramite browser<\/span><\/h3>\r\n<p>L\u2019utente \u00e8 libero di negare il consenso all\u2019utilizzo di qualunque cookie, resta inteso che in caso si decida di disattivare i cookie tecnici l\u2019esperienza di navigazione potrebbe essere pregiudicata anche sino a divenire impossibile sfruttare le funzionalit\u00e0 del sito stesso. Ogni browser ha impostazioni e procedure diverse per gestiore i cookie. Qui sotto trovi i link specifici per accedere e modificare le impostazioni del tuo browser:<\/p>\r\n<ul>\r\n<li><a href=\"http:\/\/docs.info.apple.com\/article.html?path=Safari\/5.0\/en\/9277.html\" target=\"_blank\" rel=\"noreferrer noopener\">Apple Safari<\/a><\/li>\r\n<li><a href=\"https:\/\/support.google.com\/chrome\/bin\/answer.py?hl=en&amp;answer=95647&amp;p=cpn_cookies\" target=\"_blank\" rel=\"noreferrer noopener\">Google Chrome<\/a><\/li>\r\n<li><a href=\"http:\/\/windows.microsoft.com\/en-us\/windows-vista\/block-or-allow-cookies\" target=\"_blank\" rel=\"noreferrer noopener\">Microsoft Windows Explorer<\/a><\/li>\r\n<li><a href=\"https:\/\/support.microsoft.com\/it-it\/help\/4027947\/windows-delete-cookies\" target=\"_blank\" rel=\"noreferrer noopener\">Microsoft Edge<\/a><\/li>\r\n<li><a href=\"http:\/\/support.mozilla.org\/en-US\/kb\/Enabling%20and%20disabling%20cookies\" target=\"_blank\" rel=\"noreferrer noopener\">Mozilla Firefox<\/a><\/li>\r\n<\/ul>\r\n<h3><span style=\"font-size: 18pt;\"><strong>Modifiche all\u2019informativa<\/strong><\/span><\/h3>\r\n<p>L\u2019eventuale e successiva entrata in vigore di nuove normative di settore come anche il costante esame ed aggiornamento dei servizi potrebbero determinare la necessit\u00e0 di modificare le modalit\u00e0 e i termini descritti nella presente Informativa. \u00c8 pertanto possibile che tale documento subisca modifiche nel tempo. Il titolare pubblicher\u00e0 eventuali modifiche alla presente Informativa in questa pagina e, qualora le modifiche fossero rilevanti, provveder\u00e0 a segnalarle attraverso una notifica pi\u00f9 visibile. Le versioni precedenti della presente Informativa saranno in ogni caso conservate e archiviate. <strong>Ultima modifica:<\/strong> 21\/03\/2019<\/p>","protected":false},"excerpt":{"rendered":"<p>Informativa sulla privacy Con la presente informativa Le Officine Creative S.n.c. intende garantire la privacy e la sicurezza dei dati personali di ciascun utente interessato, secondo quanto previsto dal d.lgs. 196\/2003 (di seguito \u201cCodice Privacy\u201c) e con il Regolamento UE n. 2016\/679 (di seguito \u201cGDPR\u201c). Chi siamo I dati personali dell&#8217;utente vengono elaborati da Le &#8230;<\/p>\n","protected":false},"author":1,"featured_media":0,"parent":0,"menu_order":0,"comment_status":"closed","ping_status":"closed","template":"gdpr_terms.php","meta":{"footnotes":""},"class_list":["post-37524","page","type-page","status-publish","hentry"],"yoast_head":"<!-- This site is optimized with the Yoast SEO plugin v26.8 - https:\/\/yoast.com\/product\/yoast-seo-wordpress\/ -->\n<title>Privacy Policy - Riviera Holiday<\/title>\n<meta name=\"robots\" content=\"index, follow, max-snippet:-1, max-image-preview:large, max-video-preview:-1\" \/>\n<link rel=\"canonical\" href=\"https:\/\/riviera-holiday.it\/privacy-policy\/\" \/>\n<meta property=\"og:locale\" content=\"en_US\" \/>\n<meta property=\"og:type\" content=\"article\" \/>\n<meta property=\"og:title\" content=\"Privacy Policy - Riviera Holiday\" \/>\n<meta property=\"og:description\" content=\"Informativa sulla privacy Con la presente informativa Le Officine Creative S.n.c. intende garantire la privacy e la sicurezza dei dati personali di ciascun utente interessato, secondo quanto previsto dal d.lgs. 196\/2003 (di seguito \u201cCodice Privacy\u201c) e con il Regolamento UE n. 2016\/679 (di seguito \u201cGDPR\u201c). Chi siamo I dati personali dell&#8217;utente vengono elaborati da Le ...\" \/>\n<meta property=\"og:url\" content=\"https:\/\/riviera-holiday.it\/privacy-policy\/\" \/>\n<meta property=\"og:site_name\" content=\"Riviera Holiday\" \/>\n<meta property=\"article:publisher\" content=\"https:\/\/www.facebook.com\/rivieraholiday\/\" \/>\n<meta property=\"article:modified_time\" content=\"2022-01-07T16:35:34+00:00\" \/>\n<meta name=\"twitter:card\" content=\"summary_large_image\" \/>\n<meta name=\"twitter:label1\" content=\"Est. reading time\" \/>\n\t<meta name=\"twitter:data1\" content=\"8 minutes\" \/>\n<script type=\"application\/ld+json\" class=\"yoast-schema-graph\">{\"@context\":\"https:\/\/schema.org\",\"@graph\":[{\"@type\":\"WebPage\",\"@id\":\"https:\/\/riviera-holiday.it\/privacy-policy\/\",\"url\":\"https:\/\/riviera-holiday.it\/privacy-policy\/\",\"name\":\"Privacy Policy - Riviera Holiday\",\"isPartOf\":{\"@id\":\"https:\/\/riviera-holiday.it\/#website\"},\"datePublished\":\"2022-01-07T16:34:02+00:00\",\"dateModified\":\"2022-01-07T16:35:34+00:00\",\"breadcrumb\":{\"@id\":\"https:\/\/riviera-holiday.it\/privacy-policy\/#breadcrumb\"},\"inLanguage\":\"en-US\",\"potentialAction\":[{\"@type\":\"ReadAction\",\"target\":[\"https:\/\/riviera-holiday.it\/privacy-policy\/\"]}]},{\"@type\":\"BreadcrumbList\",\"@id\":\"https:\/\/riviera-holiday.it\/privacy-policy\/#breadcrumb\",\"itemListElement\":[{\"@type\":\"ListItem\",\"position\":1,\"name\":\"Home\",\"item\":\"https:\/\/riviera-holiday.it\/en\/\"},{\"@type\":\"ListItem\",\"position\":2,\"name\":\"Privacy Policy\"}]},{\"@type\":\"WebSite\",\"@id\":\"https:\/\/riviera-holiday.it\/#website\",\"url\":\"https:\/\/riviera-holiday.it\/\",\"name\":\"Riviera Holiday\",\"description\":\"Casa Vacanze Albenga e Pietra Ligure\",\"publisher\":{\"@id\":\"https:\/\/riviera-holiday.it\/#organization\"},\"potentialAction\":[{\"@type\":\"SearchAction\",\"target\":{\"@type\":\"EntryPoint\",\"urlTemplate\":\"https:\/\/riviera-holiday.it\/?s={search_term_string}\"},\"query-input\":{\"@type\":\"PropertyValueSpecification\",\"valueRequired\":true,\"valueName\":\"search_term_string\"}}],\"inLanguage\":\"en-US\"},{\"@type\":\"Organization\",\"@id\":\"https:\/\/riviera-holiday.it\/#organization\",\"name\":\"Riviera-Holiday\",\"url\":\"https:\/\/riviera-holiday.it\/\",\"logo\":{\"@type\":\"ImageObject\",\"inLanguage\":\"en-US\",\"@id\":\"https:\/\/riviera-holiday.it\/#\/schema\/logo\/image\/\",\"url\":\"https:\/\/riviera-holiday.it\/wp-content\/uploads\/2021\/10\/riviera-holiday-logo-2021.png\",\"contentUrl\":\"https:\/\/riviera-holiday.it\/wp-content\/uploads\/2021\/10\/riviera-holiday-logo-2021.png\",\"width\":350,\"height\":80,\"caption\":\"Riviera-Holiday\"},\"image\":{\"@id\":\"https:\/\/riviera-holiday.it\/#\/schema\/logo\/image\/\"},\"sameAs\":[\"https:\/\/www.facebook.com\/rivieraholiday\/\",\"https:\/\/www.instagram.com\/rivieraholiday\/\",\"https:\/\/www.youtube.com\/channel\/UCFQJegZsSiu_KSXUBY1mf4g\"]}]}<\/script>\n<!-- \/ Yoast SEO plugin. -->","yoast_head_json":{"title":"Privacy Policy - Riviera Holiday","robots":{"index":"index","follow":"follow","max-snippet":"max-snippet:-1","max-image-preview":"max-image-preview:large","max-video-preview":"max-video-preview:-1"},"canonical":"https:\/\/riviera-holiday.it\/privacy-policy\/","og_locale":"en_US","og_type":"article","og_title":"Privacy Policy - Riviera Holiday","og_description":"Informativa sulla privacy Con la presente informativa Le Officine Creative S.n.c. intende garantire la privacy e la sicurezza dei dati personali di ciascun utente interessato, secondo quanto previsto dal d.lgs. 196\/2003 (di seguito \u201cCodice Privacy\u201c) e con il Regolamento UE n. 2016\/679 (di seguito \u201cGDPR\u201c). Chi siamo I dati personali dell&#8217;utente vengono elaborati da Le ...","og_url":"https:\/\/riviera-holiday.it\/privacy-policy\/","og_site_name":"Riviera Holiday","article_publisher":"https:\/\/www.facebook.com\/rivieraholiday\/","article_modified_time":"2022-01-07T16:35:34+00:00","twitter_card":"summary_large_image","twitter_misc":{"Est. reading time":"8 minutes"},"schema":{"@context":"https:\/\/schema.org","@graph":[{"@type":"WebPage","@id":"https:\/\/riviera-holiday.it\/privacy-policy\/","url":"https:\/\/riviera-holiday.it\/privacy-policy\/","name":"Privacy Policy - Riviera Holiday","isPartOf":{"@id":"https:\/\/riviera-holiday.it\/#website"},"datePublished":"2022-01-07T16:34:02+00:00","dateModified":"2022-01-07T16:35:34+00:00","breadcrumb":{"@id":"https:\/\/riviera-holiday.it\/privacy-policy\/#breadcrumb"},"inLanguage":"en-US","potentialAction":[{"@type":"ReadAction","target":["https:\/\/riviera-holiday.it\/privacy-policy\/"]}]},{"@type":"BreadcrumbList","@id":"https:\/\/riviera-holiday.it\/privacy-policy\/#breadcrumb","itemListElement":[{"@type":"ListItem","position":1,"name":"Home","item":"https:\/\/riviera-holiday.it\/en\/"},{"@type":"ListItem","position":2,"name":"Privacy Policy"}]},{"@type":"WebSite","@id":"https:\/\/riviera-holiday.it\/#website","url":"https:\/\/riviera-holiday.it\/","name":"Riviera Holiday","description":"Casa Vacanze Albenga e Pietra Ligure","publisher":{"@id":"https:\/\/riviera-holiday.it\/#organization"},"potentialAction":[{"@type":"SearchAction","target":{"@type":"EntryPoint","urlTemplate":"https:\/\/riviera-holiday.it\/?s={search_term_string}"},"query-input":{"@type":"PropertyValueSpecification","valueRequired":true,"valueName":"search_term_string"}}],"inLanguage":"en-US"},{"@type":"Organization","@id":"https:\/\/riviera-holiday.it\/#organization","name":"Riviera-Holiday","url":"https:\/\/riviera-holiday.it\/","logo":{"@type":"ImageObject","inLanguage":"en-US","@id":"https:\/\/riviera-holiday.it\/#\/schema\/logo\/image\/","url":"https:\/\/riviera-holiday.it\/wp-content\/uploads\/2021\/10\/riviera-holiday-logo-2021.png","contentUrl":"https:\/\/riviera-holiday.it\/wp-content\/uploads\/2021\/10\/riviera-holiday-logo-2021.png","width":350,"height":80,"caption":"Riviera-Holiday"},"image":{"@id":"https:\/\/riviera-holiday.it\/#\/schema\/logo\/image\/"},"sameAs":["https:\/\/www.facebook.com\/rivieraholiday\/","https:\/\/www.instagram.com\/rivieraholiday\/","https:\/\/www.youtube.com\/channel\/UCFQJegZsSiu_KSXUBY1mf4g"]}]}},"_links":{"self":[{"href":"https:\/\/riviera-holiday.it\/en\/wp-json\/wp\/v2\/pages\/37524","targetHints":{"allow":["GET"]}}],"collection":[{"href":"https:\/\/riviera-holiday.it\/en\/wp-json\/wp\/v2\/pages"}],"about":[{"href":"https:\/\/riviera-holiday.it\/en\/wp-json\/wp\/v2\/types\/page"}],"author":[{"embeddable":true,"href":"https:\/\/riviera-holiday.it\/en\/wp-json\/wp\/v2\/users\/1"}],"replies":[{"embeddable":true,"href":"https:\/\/riviera-holiday.it\/en\/wp-json\/wp\/v2\/comments?post=37524"}],"version-history":[{"count":0,"href":"https:\/\/riviera-holiday.it\/en\/wp-json\/wp\/v2\/pages\/37524\/revisions"}],"wp:attachment":[{"href":"https:\/\/riviera-holiday.it\/en\/wp-json\/wp\/v2\/media?parent=37524"}],"curies":[{"name":"wp","href":"https:\/\/api.w.org\/{rel}","templated":true}]}}